{"id":2,"date":"2024-10-09T06:27:32","date_gmt":"2024-10-09T06:27:32","guid":{"rendered":"https:\/\/midrasrl.com\/?page_id=2"},"modified":"2024-10-09T08:30:01","modified_gmt":"2024-10-09T08:30:01","slug":"chisiamo","status":"publish","type":"page","link":"https:\/\/midrasrl.com\/index.php\/chisiamo\/","title":{"rendered":"Chi siamo"},"content":{"rendered":"\n\n\n<p class=\"has-text-align-center\">La societ\u00e0 MIDRA srl \u00e8 una societ\u00e0 d\u2019ingegneria multidisciplinare composta da un team tecnico di architetti, ingegneri edili, strutturisti e professionisti nel campo ambientale e della sicurezza sul lavoro. Grazie all\u2019utilizzo delle innovative metodologie BIM, riusciamo a garantire ai nostri clienti un elevato livello progettuale.<\/p>\n\n\n\n<p><\/p>\n","protected":false},"excerpt":{"rendered":"<p>La societ\u00e0 MIDRA srl \u00e8 una societ\u00e0 d\u2019ingegneria multidisciplinare composta da un team tecnico di architetti, ingegneri edili, strutturisti e professionisti nel campo ambientale e della sicurezza sul lavoro. Grazie all\u2019utilizzo delle innovative metodologie BIM, riusciamo a garantire ai nostri clienti un elevato livello progettuale.<\/p>\n","protected":false},"author":1,"featured_media":0,"parent":0,"menu_order":0,"comment_status":"closed","ping_status":"open","template":"","meta":{"saved_in_kubio":false,"footnotes":""},"class_list":["post-2","page","type-page","status-publish","hentry"],"kubio_ai_page_context":{"short_desc":"","purpose":"general"},"_links":{"self":[{"href":"https:\/\/midrasrl.com\/index.php\/wp-json\/wp\/v2\/pages\/2","targetHints":{"allow":["GET"]}}],"collection":[{"href":"https:\/\/midrasrl.com\/index.php\/wp-json\/wp\/v2\/pages"}],"about":[{"href":"https:\/\/midrasrl.com\/index.php\/wp-json\/wp\/v2\/types\/page"}],"author":[{"embeddable":true,"href":"https:\/\/midrasrl.com\/index.php\/wp-json\/wp\/v2\/users\/1"}],"replies":[{"embeddable":true,"href":"https:\/\/midrasrl.com\/index.php\/wp-json\/wp\/v2\/comments?post=2"}],"version-history":[{"count":2,"href":"https:\/\/midrasrl.com\/index.php\/wp-json\/wp\/v2\/pages\/2\/revisions"}],"predecessor-version":[{"id":64,"href":"https:\/\/midrasrl.com\/index.php\/wp-json\/wp\/v2\/pages\/2\/revisions\/64"}],"wp:attachment":[{"href":"https:\/\/midrasrl.com\/index.php\/wp-json\/wp\/v2\/media?parent=2"}],"curies":[{"name":"wp","href":"https:\/\/api.w.org\/{rel}","templated":true}]}}